{"id":247,"date":"2017-08-14T12:33:11","date_gmt":"2017-08-14T10:33:11","guid":{"rendered":"https:\/\/hotelmorettina.ch\/?page_id=247\/"},"modified":"2024-07-01T16:48:47","modified_gmt":"2024-07-01T14:48:47","slug":"condizioni-generali","status":"publish","type":"page","link":"https:\/\/hotelmorettina.ch\/it\/condizioni-generali\/","title":{"rendered":"Condizioni generali"},"content":{"rendered":"<h2>Condizioni generali<\/h2>\n<p>La colazione \u00e8 compresa nel prezzo della camera!<\/p>\n<h4>Arrivi e partenze:<\/h4>\n<p>al giorno di arrivo la vostra camera \u00e8 a vostra disposizione a partire dalle 15:00. Vi preghiamo di effettuare il check-in entro le 22:00, poich\u00e9 la nostra ricezione \u00e8 occupata solo fino alle 22:00. Il giorno di partenza vi preghiamo di lasciare la camera entro le 11:00. Una partenza pi\u00f9 tardi \u00e8 possibile solo su richiesta. Per partenze oltre le 11:00 verr\u00e0 fatturato 50% del prezzo della camera, mentre per partenze dopo le 15:00 verr\u00e0 fatturato il 100% del prezzo della camera.<\/p>\n<h4>Letti supplementari e lettini per bimbi:<\/h4>\n<p>tutti i bambini sono i benvenuti presso il nostro stabilimento. I bambini sotto i 5 anni non pagano nessun supplemento nei letti gia disponibili nelle camere. I bambini sotto i 2 anni non pagano supplemento per un lettino. I bambini pi\u00f9 grandi e gli adulti pagano CHF 40 per notte per persona per un letto supplementare. Le camere possono contenere al massimo un letto supplementare o lettino.<\/p>\n<h4>Pagamento anticipato:<\/h4>\n<p>non si richiede il pagamento anticipato!<\/p>\n<h4>Spese di annullamento:<\/h4>\n<p>annullamenti o cambiamenti fino a 7 giorni dalla data di arrivo sono gratis. Annullamenti o cambiamenti fino 3 giorni dalla data di arrivo verranno fatturati con il 50% del costo dell\u2019intera riservazione. Per annullamenti o cambiamenti richiesti di seguito, cos\u00ec come in caso di mancato arrivo, verr\u00e0 fatturato l\u2019intero costo della riservazione.<\/p>\n","protected":false},"excerpt":{"rendered":"<p>Condizioni generali La colazione \u00e8 compresa nel prezzo della camera! Arrivi e partenze: al giorno di arrivo la vostra camera \u00e8 a vostra disposizione a partire dalle 15:00. Vi preghiamo di effettuare il check-in entro le 22:00, poich\u00e9 la nostra ricezione \u00e8 occupata solo fino alle 22:00. Il giorno di partenza vi preghiamo di lasciare  [&#8230;]<\/p>\n","protected":false},"author":1,"featured_media":0,"parent":0,"menu_order":0,"comment_status":"closed","ping_status":"closed","template":"","meta":{"_acf_changed":false,"footnotes":""},"class_list":["post-247","page","type-page","status-publish","hentry"],"acf":[],"_links":{"self":[{"href":"https:\/\/hotelmorettina.ch\/it\/wp-json\/wp\/v2\/pages\/247","targetHints":{"allow":["GET"]}}],"collection":[{"href":"https:\/\/hotelmorettina.ch\/it\/wp-json\/wp\/v2\/pages"}],"about":[{"href":"https:\/\/hotelmorettina.ch\/it\/wp-json\/wp\/v2\/types\/page"}],"author":[{"embeddable":true,"href":"https:\/\/hotelmorettina.ch\/it\/wp-json\/wp\/v2\/users\/1"}],"replies":[{"embeddable":true,"href":"https:\/\/hotelmorettina.ch\/it\/wp-json\/wp\/v2\/comments?post=247"}],"version-history":[{"count":1,"href":"https:\/\/hotelmorettina.ch\/it\/wp-json\/wp\/v2\/pages\/247\/revisions"}],"predecessor-version":[{"id":248,"href":"https:\/\/hotelmorettina.ch\/it\/wp-json\/wp\/v2\/pages\/247\/revisions\/248"}],"wp:attachment":[{"href":"https:\/\/hotelmorettina.ch\/it\/wp-json\/wp\/v2\/media?parent=247"}],"curies":[{"name":"wp","href":"https:\/\/api.w.org\/{rel}","templated":true}]}}