{"id":245,"date":"2017-08-14T12:32:03","date_gmt":"2017-08-14T10:32:03","guid":{"rendered":"https:\/\/hotelmorettina.ch\/?page_id=245\/"},"modified":"2024-07-01T16:48:23","modified_gmt":"2024-07-01T14:48:23","slug":"conditions-generales","status":"publish","type":"page","link":"https:\/\/hotelmorettina.ch\/fr\/conditions-generales\/","title":{"rendered":"Conditions g\u00e9n\u00e9rales"},"content":{"rendered":"<h2>Conditions g\u00e9n\u00e9rales<\/h2>\n<p>Le petit d\u00e9jeuner est inclus dans le tarif de la chambre!<\/p>\n<h4>Arriv\u00e9e et d\u00e9part:<\/h4>\n<p>le jour de votre arriv\u00e9e, votre chambre sera disponible \u00e0 partir de 15h. Nous vous prions de bien vouloir arriver avant 22h car notre r\u00e9ception ferme \u00e0 22h. Le jour de votre d\u00e9part, merci de bien vouloir lib\u00e9rer la chambre avant 11h. Si vous en formulez la demande \u00e0 l\u2019avance, un d\u00e9part apr\u00e8s 11h sera \u00e9ventuellement possible. Les d\u00e9parts apr\u00e8s 11h sont major\u00e9s \u00e0 hauteur de 50% du tarif de la chambre. Pour un d\u00e9part apr\u00e8s 15h, il vous en coutera une nuit suppl\u00e9mentaire, au tarif plein de la chambre!<\/p>\n<h4>Lits d\u2019appoint et lits pour enfants:<\/h4>\n<p>les enfants sont les bienvenus. Aucun suppl\u00e9ment n\u2019est demand\u00e9 pour les enfants \u00e2g\u00e9s de moins de 5 ans qui dorment dans un lit disponible. Aucun suppl\u00e9ment non plus pour les enfants \u00e2g\u00e9s de moins de 2 ans qui dorment dans un lit b\u00e9b\u00e9. Pour les enfants de plus de 5 ans et les adultes, la location d\u2019un lit d\u2019appoint s\u2019\u00e9l\u00e8ve \u00e0 40 francs suisses par nuit et par personne. Les chambres ne peuvent accueillir qu\u2019un seul lit d\u2019appoint\/lit b\u00e9b\u00e9!<\/p>\n<h4>Acompte:<\/h4>\n<p>il n\u2019est pas n\u00e9cessaire de verser un acompte!<\/p>\n<h4>Annulations:<\/h4>\n<p>les annulations ou modifications effectu\u00e9es au plus tard 7 jours avant la date de d\u00e9part sont gratuites; les annulations ou modifications effectu\u00e9es jusqu\u2019\u00e0 3 jours avant la date de d\u00e9part seront factur\u00e9es 50% du prix total de la location. Lors d\u2019annulations ou de modifications effectu\u00e9es dans les 3 jours pr\u00e9c\u00e9dant l\u2019arriv\u00e9e, ainsi que pour les non-pr\u00e9sentations le montant total de la location vous sera factur\u00e9.<\/p>\n","protected":false},"excerpt":{"rendered":"<p>Conditions g\u00e9n\u00e9rales Le petit d\u00e9jeuner est inclus dans le tarif de la chambre! Arriv\u00e9e et d\u00e9part: le jour de votre arriv\u00e9e, votre chambre sera disponible \u00e0 partir de 15h. Nous vous prions de bien vouloir arriver avant 22h car notre r\u00e9ception ferme \u00e0 22h. Le jour de votre d\u00e9part, merci de bien vouloir lib\u00e9rer la  [&#8230;]<\/p>\n","protected":false},"author":1,"featured_media":0,"parent":0,"menu_order":0,"comment_status":"closed","ping_status":"closed","template":"","meta":{"_acf_changed":false,"footnotes":""},"class_list":["post-245","page","type-page","status-publish","hentry"],"acf":[],"_links":{"self":[{"href":"https:\/\/hotelmorettina.ch\/fr\/wp-json\/wp\/v2\/pages\/245","targetHints":{"allow":["GET"]}}],"collection":[{"href":"https:\/\/hotelmorettina.ch\/fr\/wp-json\/wp\/v2\/pages"}],"about":[{"href":"https:\/\/hotelmorettina.ch\/fr\/wp-json\/wp\/v2\/types\/page"}],"author":[{"embeddable":true,"href":"https:\/\/hotelmorettina.ch\/fr\/wp-json\/wp\/v2\/users\/1"}],"replies":[{"embeddable":true,"href":"https:\/\/hotelmorettina.ch\/fr\/wp-json\/wp\/v2\/comments?post=245"}],"version-history":[{"count":1,"href":"https:\/\/hotelmorettina.ch\/fr\/wp-json\/wp\/v2\/pages\/245\/revisions"}],"predecessor-version":[{"id":246,"href":"https:\/\/hotelmorettina.ch\/fr\/wp-json\/wp\/v2\/pages\/245\/revisions\/246"}],"wp:attachment":[{"href":"https:\/\/hotelmorettina.ch\/fr\/wp-json\/wp\/v2\/media?parent=245"}],"curies":[{"name":"wp","href":"https:\/\/api.w.org\/{rel}","templated":true}]}}