{"id":226,"date":"2017-08-14T12:20:53","date_gmt":"2017-08-14T10:20:53","guid":{"rendered":"https:\/\/hotelmorettina.ch\/?page_id=226\/"},"modified":"2017-08-14T12:21:16","modified_gmt":"2017-08-14T10:21:16","slug":"evenements","status":"publish","type":"page","link":"https:\/\/hotelmorettina.ch\/fr\/evenements\/","title":{"rendered":"\u00c9v\u00e9nements"},"content":{"rendered":"<h1>\u00c9v\u00e9nements<\/h1>\n<p><script src=\"http:\/\/www.ticinotopten.ch\/assets\/js\/widget.js\"><\/script><\/p>\n<div id=\"ttt-widget-de\">&nbsp;<\/div>\n<p><script>\n  var tttWidget = new TTTWidget();\n  tttWidget.setSource(\"http:\/\/www.ticinotopten.ch\");\n  tttWidget.setId(\"ttt-widget-de\");\n  tttWidget.setLang(\"fr\");\n  tttWidget.setPartnerId(\"55d1750e4200004106b7c5f0\")\n  tttWidget.setWidth(1000);\n  tttWidget.render();\n<\/script><\/p>\n","protected":false},"excerpt":{"rendered":"<p>\u00c9v\u00e9nements &nbsp;<\/p>\n","protected":false},"author":1,"featured_media":0,"parent":0,"menu_order":0,"comment_status":"closed","ping_status":"closed","template":"","meta":{"_acf_changed":false,"footnotes":""},"class_list":["post-226","page","type-page","status-publish","hentry"],"acf":[],"_links":{"self":[{"href":"https:\/\/hotelmorettina.ch\/fr\/wp-json\/wp\/v2\/pages\/226","targetHints":{"allow":["GET"]}}],"collection":[{"href":"https:\/\/hotelmorettina.ch\/fr\/wp-json\/wp\/v2\/pages"}],"about":[{"href":"https:\/\/hotelmorettina.ch\/fr\/wp-json\/wp\/v2\/types\/page"}],"author":[{"embeddable":true,"href":"https:\/\/hotelmorettina.ch\/fr\/wp-json\/wp\/v2\/users\/1"}],"replies":[{"embeddable":true,"href":"https:\/\/hotelmorettina.ch\/fr\/wp-json\/wp\/v2\/comments?post=226"}],"version-history":[{"count":2,"href":"https:\/\/hotelmorettina.ch\/fr\/wp-json\/wp\/v2\/pages\/226\/revisions"}],"predecessor-version":[{"id":228,"href":"https:\/\/hotelmorettina.ch\/fr\/wp-json\/wp\/v2\/pages\/226\/revisions\/228"}],"wp:attachment":[{"href":"https:\/\/hotelmorettina.ch\/fr\/wp-json\/wp\/v2\/media?parent=226"}],"curies":[{"name":"wp","href":"https:\/\/api.w.org\/{rel}","templated":true}]}}